{"id":11795,"date":"2016-05-25T10:31:08","date_gmt":"2016-05-25T10:31:08","guid":{"rendered":"http:\/\/www.icomedias.com\/de\/?page_id=11795"},"modified":"2026-05-04T14:36:04","modified_gmt":"2026-05-04T13:36:04","slug":"impressum","status":"publish","type":"page","link":"https:\/\/www.icomedias.com\/de\/impressum\/","title":{"rendered":"Impressum"},"content":{"rendered":"<p><div class=\"fusion-fullwidth fullwidth-box fusion-builder-row-1 fusion-flex-container has-pattern-background has-mask-background fusion-parallax-none nonhundred-percent-fullwidth non-hundred-percent-height-scrolling lazyload\" style=\"--awb-background-position:right top;--awb-border-sizes-top:0px;--awb-border-sizes-bottom:0px;--awb-border-sizes-left:0px;--awb-border-sizes-right:0px;--awb-border-radius-top-left:0px;--awb-border-radius-top-right:0px;--awb-border-radius-bottom-right:0px;--awb-border-radius-bottom-left:0px;--awb-background-color:var(--awb-color8);--awb-background-size:cover;--awb-flex-wrap:wrap;\" data-bg=\"https:\/\/www.icomedias.com\/de\/wp-content\/uploads\/sites\/2\/2026\/04\/Back-Icon-Impressum-80.png\" ><div class=\"fusion-builder-row fusion-row fusion-flex-align-items-center fusion-flex-content-wrap\" style=\"max-width:1155px;margin-left: calc(-5% \/ 2 );margin-right: calc(-5% \/ 2 );\"><div class=\"fusion-layout-column fusion_builder_column fusion-builder-column-0 fusion_builder_column_1_1 1_1 fusion-flex-column fusion-flex-align-self-center\" style=\"--awb-bg-size:cover;--awb-width-large:100%;--awb-margin-top-large:20px;--awb-spacing-right-large:2.375%;--awb-margin-bottom-large:20px;--awb-spacing-left-large:2.375%;--awb-width-medium:100%;--awb-order-medium:0;--awb-spacing-right-medium:2.375%;--awb-spacing-left-medium:2.375%;--awb-width-small:100%;--awb-order-small:0;--awb-spacing-right-small:2.375%;--awb-spacing-left-small:2.375%;\" data-scroll-devices=\"small-visibility,medium-visibility,large-visibility\"><div class=\"fusion-column-wrapper fusion-column-has-shadow fusion-flex-justify-content-flex-start fusion-content-layout-block\"><div class=\"fusion-text fusion-text-1\" style=\"--awb-font-size:0.8rem;--awb-line-height:1.8;--awb-letter-spacing:1px;--awb-text-color:var(--awb-custom_color_14);--awb-text-font-family:&quot;Open Sans&quot;;--awb-text-font-style:normal;--awb-text-font-weight:400;\"><p><strong>RECHTLICHES<\/strong><\/p>\n<\/div><div class=\"fusion-title title fusion-title-1 fusion-sep-none fusion-title-text fusion-title-size-one\" style=\"--awb-text-color:var(--awb-color2);\"><h1 class=\"fusion-title-heading title-heading-left fusion-responsive-typography-calculated\" style=\"--fontSize:45;line-height:1.5;\">Impressum<\/h1><\/div><div class=\"fusion-text fusion-text-2\" style=\"--awb-text-color:var(--awb-color2);\"><p><span style=\"font-size: large;\">Angaben gem\u00e4\u00df \u00a7 5 ECG (\u00d6sterreich) und \u00a7 5 TMG (Deutschland).<\/span><\/p>\n<\/div><\/div><\/div><\/div><\/div><div class=\"fusion-fullwidth fullwidth-box fusion-builder-row-2 fusion-flex-container has-pattern-background has-mask-background nonhundred-percent-fullwidth non-hundred-percent-height-scrolling\" style=\"--awb-background-position:left top;--awb-border-sizes-top:0px;--awb-border-sizes-bottom:0px;--awb-border-sizes-left:0px;--awb-border-sizes-right:0px;--awb-border-radius-top-left:0px;--awb-border-radius-top-right:0px;--awb-border-radius-bottom-right:0px;--awb-border-radius-bottom-left:0px;--awb-flex-wrap:wrap;\" ><div class=\"fusion-builder-row fusion-row fusion-flex-align-items-center fusion-flex-justify-content-center fusion-flex-content-wrap\" style=\"max-width:1155px;margin-left: calc(-5% \/ 2 );margin-right: calc(-5% \/ 2 );\"><div class=\"fusion-layout-column fusion_builder_column fusion-builder-column-1 fusion_builder_column_1_1 1_1 fusion-flex-column fusion-flex-align-self-center\" style=\"--awb-bg-size:cover;--awb-width-large:100%;--awb-margin-top-large:20px;--awb-spacing-right-large:2.375%;--awb-margin-bottom-large:20px;--awb-spacing-left-large:2.375%;--awb-width-medium:100%;--awb-order-medium:0;--awb-spacing-right-medium:2.375%;--awb-spacing-left-medium:2.375%;--awb-width-small:100%;--awb-order-small:0;--awb-spacing-right-small:2.375%;--awb-spacing-left-small:2.375%;\" data-scroll-devices=\"small-visibility,medium-visibility,large-visibility\"><div class=\"fusion-column-wrapper fusion-column-has-shadow fusion-flex-justify-content-flex-start fusion-content-layout-block\"><div class=\"fusion-title title fusion-title-2 fusion-sep-none fusion-title-text fusion-title-size-two\"><h2 class=\"fusion-title-heading title-heading-left fusion-responsive-typography-calculated\" style=\"--fontSize:37.5;line-height:1.5;\">Unternehmensangaben<\/h2><\/div><\/div><\/div><div class=\"fusion-layout-column fusion_builder_column fusion-builder-column-2 fusion_builder_column_1_1 1_1 fusion-flex-column fusion-flex-align-self-center\" style=\"--awb-bg-size:cover;--awb-width-large:100%;--awb-margin-top-large:20px;--awb-spacing-right-large:2.375%;--awb-margin-bottom-large:20px;--awb-spacing-left-large:2.375%;--awb-width-medium:100%;--awb-order-medium:0;--awb-spacing-right-medium:2.375%;--awb-spacing-left-medium:2.375%;--awb-width-small:100%;--awb-order-small:0;--awb-spacing-right-small:2.375%;--awb-spacing-left-small:2.375%;\" data-scroll-devices=\"small-visibility,medium-visibility,large-visibility\"><div class=\"fusion-column-wrapper fusion-column-has-shadow fusion-flex-justify-content-flex-start fusion-content-layout-block\"><div class=\"fusion-text fusion-text-3\"><p><strong>icomedias GmbH<\/strong><br \/>\n<strong>8020 Graz, Entenplatz 1<\/strong><br \/>\n<strong> \u00d6sterreich<br \/>\n<\/strong><\/p>\n<p><strong>Telefon:<\/strong> +43 (316) 721 671 -0<br \/>\n<strong>Fax:<\/strong> +43 (316) 721 671 -103<br \/>\n<strong>E-Mail:<\/strong> <a href=\"&#109;&#x61;&#x69;l&#116;&#x6f;:&#105;&#x6e;&#x66;o&#64;&#x69;c&#111;&#x6d;&#x65;d&#105;&#x61;s&#46;&#x63;&#x6f;&#109;\">i&#110;&#102;&#111;&#x40;&#x69;&#x63;om&#101;&#100;&#x69;&#x61;&#x73;&#x2e;co&#109;<\/a><\/p>\n<p>In Deutschland: Berlin<br \/>\nTelefon: +49 (30) 6098 8486 -0<br \/>\nFax: +49 (30) 6098 8486 -103<br \/>\nE-Mail: <a href=\"&#x6d;&#97;i&#x6c;&#116;o&#x3a;&#x69;&#110;&#x66;&#x6f;&#64;i&#x63;&#111;m&#x65;&#x64;&#105;&#x61;&#x73;&#46;c&#x6f;&#109;\">&#105;&#x6e;&#x66;o&#64;&#x69;c&#111;&#x6d;&#x65;d&#105;&#x61;s&#46;&#x63;&#x6f;m<\/a><\/p>\n<p><strong>Gesch\u00e4ftsf\u00fchrung:<\/strong> Dipl.-Ing. Christian Ekhart, Martin Bene<br \/>\n<strong>Firmensitz (Hauptniederlassung):<\/strong> Graz<br \/>\n<strong>Firmenbuchnummer:<\/strong> 217305t<br \/>\n<strong>Firmenbuchgericht:<\/strong> Landesgericht f\u00fcr ZRS Graz<br \/>\n<strong>Beh\u00f6rde gem. ECG:<\/strong> Magistrat der Stadt Graz<br \/>\n<strong>Rechtsform:<\/strong> Gesellschaft mit beschr\u00e4nkter Haftung (GmbH)<br \/>\n<strong>Unternehmensgegenstand:<\/strong> IT-Dienstleistungen und Beratung f\u00fcr Information Management und digitale Gesch\u00e4ftsprozesse<br \/>\n<strong>Mitgliedschaft:<\/strong> WKO, <a href=\"https:\/\/www.wko.at\/service\/dienststelle.html?orgid=20682\" target=\"_blank\" rel=\"noopener noreferrer\">Fachgruppe Unternehmensberatung, Buchhaltung und Informationstechnologie<\/a><br \/>\n<strong>Anwendbare Rechtsvorschriften:<\/strong> <a href=\"http:\/\/www.ris2.bka.gv.at\" target=\"_blank\" rel=\"noopener noreferrer\">http:\/\/www.ris2.bka.gv.at<\/a><br \/>\n<strong>UID:<\/strong> ATU 5328 0701<br \/>\n<strong>Angaben zur Online-Streitbeilegung:<\/strong> Verbraucher haben die M\u00f6glichkeit, Beschwerden an die Online-Streitbeilegungsplattform der EU zu richten (<a href=\"http:\/\/ec.europa.eu\/odr\" target=\"_blank\" rel=\"noopener noreferrer\">http:\/\/ec.europa.eu\/odr<\/a>). Sie k\u00f6nnen allf\u00e4llige Beschwerden auch an die oben angegebene <a href=\"&#109;&#x61;&#105;&#x6c;&#116;&#x6f;&#58;&#x69;&#110;&#x66;&#111;&#x40;&#105;&#x63;&#111;&#x6d;&#101;&#x64;&#105;&#x61;&#115;&#x2e;&#99;&#x6f;&#109;\">E-Mail-Adresse<\/a> richten.<\/p>\n<p><a href=\"http:\/\/www.wkoecg.at\/Web\/Ecg.aspx?FirmaID=952841f8-7e96-4716-b103-e134b72b2665&amp;AspxAutoDetectCookieSupport=1\" target=\"_blank\" rel=\"noopener noreferrer\">Informationspflicht lt. \u00a7 5 Abs. 1 E-Commerce-Gesetz<\/a><\/p>\n<\/div><\/div><\/div><div class=\"fusion-layout-column fusion_builder_column fusion-builder-column-3 fusion_builder_column_1_1 1_1 fusion-flex-column fusion-flex-align-self-center\" style=\"--awb-bg-size:cover;--awb-width-large:100%;--awb-margin-top-large:20px;--awb-spacing-right-large:2.375%;--awb-margin-bottom-large:20px;--awb-spacing-left-large:2.375%;--awb-width-medium:100%;--awb-order-medium:0;--awb-spacing-right-medium:2.375%;--awb-spacing-left-medium:2.375%;--awb-width-small:100%;--awb-order-small:0;--awb-spacing-right-small:2.375%;--awb-spacing-left-small:2.375%;\" data-scroll-devices=\"small-visibility,medium-visibility,large-visibility\"><div class=\"fusion-column-wrapper fusion-column-has-shadow fusion-flex-justify-content-flex-start fusion-content-layout-block\"><div class=\"fusion-title title fusion-title-3 fusion-sep-none fusion-title-text fusion-title-size-two\" style=\"--awb-margin-top:30px;\"><h2 class=\"fusion-title-heading title-heading-left fusion-responsive-typography-calculated\" style=\"margin:0;--fontSize:37.5;line-height:1.5;\">Copyright<\/h2><\/div><\/div><\/div><div class=\"fusion-layout-column fusion_builder_column fusion-builder-column-4 fusion_builder_column_1_1 1_1 fusion-flex-column fusion-flex-align-self-center\" style=\"--awb-bg-size:cover;--awb-width-large:100%;--awb-margin-top-large:20px;--awb-spacing-right-large:2.375%;--awb-margin-bottom-large:20px;--awb-spacing-left-large:2.375%;--awb-width-medium:100%;--awb-order-medium:0;--awb-spacing-right-medium:2.375%;--awb-spacing-left-medium:2.375%;--awb-width-small:100%;--awb-order-small:0;--awb-spacing-right-small:2.375%;--awb-spacing-left-small:2.375%;\" data-scroll-devices=\"small-visibility,medium-visibility,large-visibility\"><div class=\"fusion-column-wrapper fusion-column-has-shadow fusion-flex-justify-content-flex-start fusion-content-layout-block\"><div class=\"fusion-text fusion-text-4\"><p style=\"text-align: left;\">Copyright \u00a9 1995\u20132026 icomedias. Alle Rechte vorbehalten. Die Inhalte dieser Website sind urheberrechtlich gesch\u00fctzt. Ohne schriftliche Genehmigung seitens der icomedias darf der Inhalt dieser Seite in keiner Form reproduziert oder unter Verwendung elektronischer Systeme verarbeitet, vervielf\u00e4ltigt oder verbreitet werden.<\/p>\n<\/div><\/div><\/div><\/div><\/div><\/p>\n","protected":false},"excerpt":{"rendered":"","protected":false},"author":6,"featured_media":18260,"parent":0,"menu_order":0,"comment_status":"closed","ping_status":"closed","template":"100-width.php","meta":{"footnotes":""},"class_list":["post-11795","page","type-page","status-publish","has-post-thumbnail","hentry"],"yoast_head":"<!-- This site is optimized with the Yoast SEO plugin v27.5 - https:\/\/yoast.com\/product\/yoast-seo-wordpress\/ -->\n<title>Impressum \u2013 icomedias GmbH<\/title>\n<meta name=\"description\" content=\"Impressum der icomedias GmbH, Entenplatz 1, 8020 Graz, \u00d6sterreich. Angaben gem\u00e4\u00df \u00a7 5 ECG und \u00a7 5 TMG.\" \/>\n<meta name=\"robots\" content=\"index, follow, max-snippet:-1, max-image-preview:large, max-video-preview:-1\" \/>\n<link rel=\"canonical\" href=\"https:\/\/www.icomedias.com\/de\/impressum\/\" \/>\n<meta property=\"og:locale\" content=\"de_DE\" \/>\n<meta property=\"og:type\" content=\"article\" \/>\n<meta property=\"og:title\" content=\"Impressum \u2013 icomedias GmbH\" \/>\n<meta property=\"og:description\" content=\"Impressum der icomedias GmbH, Entenplatz 1, 8020 Graz, \u00d6sterreich. Angaben gem\u00e4\u00df \u00a7 5 ECG und \u00a7 5 TMG.\" \/>\n<meta property=\"og:url\" content=\"https:\/\/www.icomedias.com\/de\/impressum\/\" \/>\n<meta property=\"og:site_name\" content=\"icomedias\" \/>\n<meta property=\"article:publisher\" content=\"https:\/\/www.facebook.com\/icomedias\/\" \/>\n<meta property=\"article:modified_time\" content=\"2026-05-04T13:36:04+00:00\" \/>\n<meta property=\"og:image\" content=\"https:\/\/www.icomedias.com\/de\/wp-content\/uploads\/sites\/2\/2026\/04\/Preview-icomedias-Home-DE-80.png\" \/>\n\t<meta property=\"og:image:width\" content=\"1200\" \/>\n\t<meta property=\"og:image:height\" content=\"630\" \/>\n\t<meta property=\"og:image:type\" content=\"image\/png\" \/>\n<meta name=\"twitter:card\" content=\"summary_large_image\" \/>\n<meta name=\"twitter:site\" content=\"@icomedias\" \/>\n<meta name=\"twitter:label1\" content=\"Gesch\u00e4tzte Lesezeit\" \/>\n\t<meta name=\"twitter:data1\" content=\"2\u00a0Minuten\" \/>\n<script type=\"application\/ld+json\" class=\"yoast-schema-graph\">{\"@context\":\"https:\\\/\\\/schema.org\",\"@graph\":[{\"@type\":\"WebPage\",\"@id\":\"https:\\\/\\\/www.icomedias.com\\\/de\\\/impressum\\\/\",\"url\":\"https:\\\/\\\/www.icomedias.com\\\/de\\\/impressum\\\/\",\"name\":\"Impressum \u2013 icomedias GmbH\",\"isPartOf\":{\"@id\":\"https:\\\/\\\/www.icomedias.com\\\/de\\\/#website\"},\"primaryImageOfPage\":{\"@id\":\"https:\\\/\\\/www.icomedias.com\\\/de\\\/impressum\\\/#primaryimage\"},\"image\":{\"@id\":\"https:\\\/\\\/www.icomedias.com\\\/de\\\/impressum\\\/#primaryimage\"},\"thumbnailUrl\":\"https:\\\/\\\/www.icomedias.com\\\/de\\\/wp-content\\\/uploads\\\/sites\\\/2\\\/2026\\\/04\\\/Preview-icomedias-Home-DE-80.png\",\"datePublished\":\"2016-05-25T10:31:08+00:00\",\"dateModified\":\"2026-05-04T13:36:04+00:00\",\"description\":\"Impressum der icomedias GmbH, Entenplatz 1, 8020 Graz, \u00d6sterreich. Angaben gem\u00e4\u00df \u00a7 5 ECG und \u00a7 5 TMG.\",\"breadcrumb\":{\"@id\":\"https:\\\/\\\/www.icomedias.com\\\/de\\\/impressum\\\/#breadcrumb\"},\"inLanguage\":\"de\",\"potentialAction\":[{\"@type\":\"ReadAction\",\"target\":[\"https:\\\/\\\/www.icomedias.com\\\/de\\\/impressum\\\/\"]}]},{\"@type\":\"ImageObject\",\"inLanguage\":\"de\",\"@id\":\"https:\\\/\\\/www.icomedias.com\\\/de\\\/impressum\\\/#primaryimage\",\"url\":\"https:\\\/\\\/www.icomedias.com\\\/de\\\/wp-content\\\/uploads\\\/sites\\\/2\\\/2026\\\/04\\\/Preview-icomedias-Home-DE-80.png\",\"contentUrl\":\"https:\\\/\\\/www.icomedias.com\\\/de\\\/wp-content\\\/uploads\\\/sites\\\/2\\\/2026\\\/04\\\/Preview-icomedias-Home-DE-80.png\",\"width\":1200,\"height\":630,\"caption\":\"icomedias \u2013\u00a0The HybridForms Company\"},{\"@type\":\"BreadcrumbList\",\"@id\":\"https:\\\/\\\/www.icomedias.com\\\/de\\\/impressum\\\/#breadcrumb\",\"itemListElement\":[{\"@type\":\"ListItem\",\"position\":1,\"name\":\"Home\",\"item\":\"https:\\\/\\\/www.icomedias.com\\\/de\\\/\"},{\"@type\":\"ListItem\",\"position\":2,\"name\":\"Impressum\"}]},{\"@type\":\"WebSite\",\"@id\":\"https:\\\/\\\/www.icomedias.com\\\/de\\\/#website\",\"url\":\"https:\\\/\\\/www.icomedias.com\\\/de\\\/\",\"name\":\"icomedias\",\"description\":\"icomedias | HybridForms\",\"publisher\":{\"@id\":\"https:\\\/\\\/www.icomedias.com\\\/de\\\/#organization\"},\"potentialAction\":[{\"@type\":\"SearchAction\",\"target\":{\"@type\":\"EntryPoint\",\"urlTemplate\":\"https:\\\/\\\/www.icomedias.com\\\/de\\\/?s={search_term_string}\"},\"query-input\":{\"@type\":\"PropertyValueSpecification\",\"valueRequired\":true,\"valueName\":\"search_term_string\"}}],\"inLanguage\":\"de\"},{\"@type\":\"Organization\",\"@id\":\"https:\\\/\\\/www.icomedias.com\\\/de\\\/#organization\",\"name\":\"icomedias\",\"url\":\"https:\\\/\\\/www.icomedias.com\\\/de\\\/\",\"logo\":{\"@type\":\"ImageObject\",\"inLanguage\":\"de\",\"@id\":\"https:\\\/\\\/www.icomedias.com\\\/de\\\/#\\\/schema\\\/logo\\\/image\\\/\",\"url\":\"https:\\\/\\\/www.icomedias.com\\\/de\\\/wp-content\\\/uploads\\\/sites\\\/2\\\/2016\\\/03\\\/icomedias-Logo.png\",\"contentUrl\":\"https:\\\/\\\/www.icomedias.com\\\/de\\\/wp-content\\\/uploads\\\/sites\\\/2\\\/2016\\\/03\\\/icomedias-Logo.png\",\"width\":181,\"height\":36,\"caption\":\"icomedias\"},\"image\":{\"@id\":\"https:\\\/\\\/www.icomedias.com\\\/de\\\/#\\\/schema\\\/logo\\\/image\\\/\"},\"sameAs\":[\"https:\\\/\\\/www.facebook.com\\\/icomedias\\\/\",\"https:\\\/\\\/x.com\\\/icomedias\"]}]}<\/script>\n<!-- \/ Yoast SEO plugin. -->","yoast_head_json":{"title":"Impressum \u2013 icomedias GmbH","description":"Impressum der icomedias GmbH, Entenplatz 1, 8020 Graz, \u00d6sterreich. Angaben gem\u00e4\u00df \u00a7 5 ECG und \u00a7 5 TMG.","robots":{"index":"index","follow":"follow","max-snippet":"max-snippet:-1","max-image-preview":"max-image-preview:large","max-video-preview":"max-video-preview:-1"},"canonical":"https:\/\/www.icomedias.com\/de\/impressum\/","og_locale":"de_DE","og_type":"article","og_title":"Impressum \u2013 icomedias GmbH","og_description":"Impressum der icomedias GmbH, Entenplatz 1, 8020 Graz, \u00d6sterreich. Angaben gem\u00e4\u00df \u00a7 5 ECG und \u00a7 5 TMG.","og_url":"https:\/\/www.icomedias.com\/de\/impressum\/","og_site_name":"icomedias","article_publisher":"https:\/\/www.facebook.com\/icomedias\/","article_modified_time":"2026-05-04T13:36:04+00:00","og_image":[{"width":1200,"height":630,"url":"https:\/\/www.icomedias.com\/de\/wp-content\/uploads\/sites\/2\/2026\/04\/Preview-icomedias-Home-DE-80.png","type":"image\/png"}],"twitter_card":"summary_large_image","twitter_site":"@icomedias","twitter_misc":{"Gesch\u00e4tzte Lesezeit":"2\u00a0Minuten"},"schema":{"@context":"https:\/\/schema.org","@graph":[{"@type":"WebPage","@id":"https:\/\/www.icomedias.com\/de\/impressum\/","url":"https:\/\/www.icomedias.com\/de\/impressum\/","name":"Impressum \u2013 icomedias GmbH","isPartOf":{"@id":"https:\/\/www.icomedias.com\/de\/#website"},"primaryImageOfPage":{"@id":"https:\/\/www.icomedias.com\/de\/impressum\/#primaryimage"},"image":{"@id":"https:\/\/www.icomedias.com\/de\/impressum\/#primaryimage"},"thumbnailUrl":"https:\/\/www.icomedias.com\/de\/wp-content\/uploads\/sites\/2\/2026\/04\/Preview-icomedias-Home-DE-80.png","datePublished":"2016-05-25T10:31:08+00:00","dateModified":"2026-05-04T13:36:04+00:00","description":"Impressum der icomedias GmbH, Entenplatz 1, 8020 Graz, \u00d6sterreich. Angaben gem\u00e4\u00df \u00a7 5 ECG und \u00a7 5 TMG.","breadcrumb":{"@id":"https:\/\/www.icomedias.com\/de\/impressum\/#breadcrumb"},"inLanguage":"de","potentialAction":[{"@type":"ReadAction","target":["https:\/\/www.icomedias.com\/de\/impressum\/"]}]},{"@type":"ImageObject","inLanguage":"de","@id":"https:\/\/www.icomedias.com\/de\/impressum\/#primaryimage","url":"https:\/\/www.icomedias.com\/de\/wp-content\/uploads\/sites\/2\/2026\/04\/Preview-icomedias-Home-DE-80.png","contentUrl":"https:\/\/www.icomedias.com\/de\/wp-content\/uploads\/sites\/2\/2026\/04\/Preview-icomedias-Home-DE-80.png","width":1200,"height":630,"caption":"icomedias \u2013\u00a0The HybridForms Company"},{"@type":"BreadcrumbList","@id":"https:\/\/www.icomedias.com\/de\/impressum\/#breadcrumb","itemListElement":[{"@type":"ListItem","position":1,"name":"Home","item":"https:\/\/www.icomedias.com\/de\/"},{"@type":"ListItem","position":2,"name":"Impressum"}]},{"@type":"WebSite","@id":"https:\/\/www.icomedias.com\/de\/#website","url":"https:\/\/www.icomedias.com\/de\/","name":"icomedias","description":"icomedias | HybridForms","publisher":{"@id":"https:\/\/www.icomedias.com\/de\/#organization"},"potentialAction":[{"@type":"SearchAction","target":{"@type":"EntryPoint","urlTemplate":"https:\/\/www.icomedias.com\/de\/?s={search_term_string}"},"query-input":{"@type":"PropertyValueSpecification","valueRequired":true,"valueName":"search_term_string"}}],"inLanguage":"de"},{"@type":"Organization","@id":"https:\/\/www.icomedias.com\/de\/#organization","name":"icomedias","url":"https:\/\/www.icomedias.com\/de\/","logo":{"@type":"ImageObject","inLanguage":"de","@id":"https:\/\/www.icomedias.com\/de\/#\/schema\/logo\/image\/","url":"https:\/\/www.icomedias.com\/de\/wp-content\/uploads\/sites\/2\/2016\/03\/icomedias-Logo.png","contentUrl":"https:\/\/www.icomedias.com\/de\/wp-content\/uploads\/sites\/2\/2016\/03\/icomedias-Logo.png","width":181,"height":36,"caption":"icomedias"},"image":{"@id":"https:\/\/www.icomedias.com\/de\/#\/schema\/logo\/image\/"},"sameAs":["https:\/\/www.facebook.com\/icomedias\/","https:\/\/x.com\/icomedias"]}]}},"_links":{"self":[{"href":"https:\/\/www.icomedias.com\/de\/wp-json\/wp\/v2\/pages\/11795","targetHints":{"allow":["GET"]}}],"collection":[{"href":"https:\/\/www.icomedias.com\/de\/wp-json\/wp\/v2\/pages"}],"about":[{"href":"https:\/\/www.icomedias.com\/de\/wp-json\/wp\/v2\/types\/page"}],"author":[{"embeddable":true,"href":"https:\/\/www.icomedias.com\/de\/wp-json\/wp\/v2\/users\/6"}],"replies":[{"embeddable":true,"href":"https:\/\/www.icomedias.com\/de\/wp-json\/wp\/v2\/comments?post=11795"}],"version-history":[{"count":53,"href":"https:\/\/www.icomedias.com\/de\/wp-json\/wp\/v2\/pages\/11795\/revisions"}],"predecessor-version":[{"id":18407,"href":"https:\/\/www.icomedias.com\/de\/wp-json\/wp\/v2\/pages\/11795\/revisions\/18407"}],"wp:featuredmedia":[{"embeddable":true,"href":"https:\/\/www.icomedias.com\/de\/wp-json\/wp\/v2\/media\/18260"}],"wp:attachment":[{"href":"https:\/\/www.icomedias.com\/de\/wp-json\/wp\/v2\/media?parent=11795"}],"curies":[{"name":"wp","href":"https:\/\/api.w.org\/{rel}","templated":true}]}}