{"id":13902,"date":"2017-06-01T10:03:27","date_gmt":"2017-06-01T09:03:27","guid":{"rendered":"http:\/\/www.icomedias.com\/de\/?page_id=13902"},"modified":"2026-05-04T14:37:10","modified_gmt":"2026-05-04T13:37:10","slug":"agb","status":"publish","type":"page","link":"https:\/\/www.icomedias.com\/de\/agb\/","title":{"rendered":"Allgemeine Gesch\u00e4ftsbedingungen (AGB)"},"content":{"rendered":"<p><div class=\"fusion-fullwidth fullwidth-box fusion-builder-row-1 has-pattern-background has-mask-background fusion-parallax-none nonhundred-percent-fullwidth non-hundred-percent-height-scrolling lazyload\" style=\"--awb-background-position:right top;--awb-border-sizes-top:0px;--awb-border-sizes-bottom:0px;--awb-border-sizes-left:0px;--awb-border-sizes-right:0px;--awb-border-radius-top-left:0px;--awb-border-radius-top-right:0px;--awb-border-radius-bottom-right:0px;--awb-border-radius-bottom-left:0px;--awb-padding-top:80px;--awb-padding-bottom:80px;--awb-background-color:var(--awb-color8);--awb-background-size:cover;--awb-flex-wrap:wrap;\" data-bg=\"https:\/\/www.icomedias.com\/de\/wp-content\/uploads\/sites\/2\/2026\/04\/Back-Icon-AGB-80.png\" ><div class=\"fusion-builder-row fusion-row\"><div class=\"fusion-layout-column fusion_builder_column fusion-builder-column-0 fusion_builder_column_1_1 1_1 fusion-one-full fusion-column-first fusion-column-last\" style=\"--awb-bg-size:cover;\"><div class=\"fusion-column-wrapper fusion-flex-column-wrapper-legacy\"><div class=\"fusion-text fusion-text-1\" style=\"--awb-font-size:0.8rem;--awb-line-height:1.8;--awb-letter-spacing:1px;--awb-text-transform:uppercase;--awb-text-color:var(--awb-custom_color_14);--awb-text-font-family:&quot;Open Sans&quot;;--awb-text-font-style:normal;--awb-text-font-weight:400;\"><p><strong>RECHTLICHES<\/strong><\/p>\n<\/div><div class=\"fusion-title title fusion-title-1 fusion-sep-none fusion-title-text fusion-title-size-one\" style=\"--awb-text-color:var(--awb-color2);\"><h1 class=\"fusion-title-heading title-heading-left fusion-responsive-typography-calculated\" style=\"--fontSize:45;line-height:1.5;\">Allgemeine Gesch\u00e4ftsbedingungen<\/h1><\/div><div class=\"fusion-text fusion-text-2\" style=\"--awb-text-color:var(--awb-color2);\"><p><span style=\"font-size: large;\">Die folgenden Allgemeinen Gesch\u00e4ftsbedingungen gelten f\u00fcr die Lizenzierung und Nutzung von HybridForms sowie f\u00fcr damit verbundene Dienstleistungen der icomedias GmbH. Mit Vertragsabschluss erkennt der Auftraggeber diese Bedingungen an.<\/span><\/p>\n<\/div><div class=\"fusion-clearfix\"><\/div><\/div><\/div><\/div><\/div><div class=\"fusion-fullwidth fullwidth-box fusion-builder-row-2 nonhundred-percent-fullwidth non-hundred-percent-height-scrolling\" style=\"--awb-background-position:left top;--awb-border-sizes-top:0px;--awb-border-sizes-bottom:0px;--awb-border-sizes-left:0px;--awb-border-sizes-right:0px;--awb-border-radius-top-left:0px;--awb-border-radius-top-right:0px;--awb-border-radius-bottom-right:0px;--awb-border-radius-bottom-left:0px;--awb-padding-top:60px;--awb-padding-bottom:60px;--awb-flex-wrap:wrap;\" ><div class=\"fusion-builder-row fusion-row\"><div class=\"fusion-layout-column fusion_builder_column fusion-builder-column-1 fusion_builder_column_1_1 1_1 fusion-one-full fusion-column-first fusion-column-last\" style=\"--awb-bg-size:cover;\" data-scroll-devices=\"small-visibility,medium-visibility,large-visibility\"><div class=\"fusion-column-wrapper fusion-column-has-shadow fusion-flex-column-wrapper-legacy\"><div class=\"fusion-fa-align-center\"><a class=\"fb-icon-element-1 fb-icon-element fontawesome-icon fa-file-download fas circle-yes fusion-link\" style=\"--awb-circlecolor-hover:#333333;--awb-circlebordercolor-hover:#333333;--awb-circlebordersize:2px;--awb-font-size:42.24px;--awb-width:84.48px;--awb-height:84.48px;--awb-line-height:80.48px;--awb-margin-top:20px;--awb-margin-right:20px;--awb-margin-bottom:20px;--awb-margin-left:20px;\" href=\"https:\/\/go.icomedias.com\/agb\" target=\"_blank\" aria-label=\"Link to https:\/\/go.icomedias.com\/agb\" rel=\"noopener noreferrer\"><\/a><\/div><div class=\"fusion-text fusion-text-3\"><p style=\"text-align: center; font-size: 14pt;\"><strong><a href=\"https:\/\/go.icomedias.com\/agb\" target=\"_blank\" rel=\"noopener noreferrer\">Download der Allgemeinen Gesch\u00e4ftsbedingungen als PDF-Datei<\/a><\/strong><\/p>\n<\/div><div class=\"fusion-clearfix\"><\/div><\/div><\/div><\/div><\/div><\/p>\n","protected":false},"excerpt":{"rendered":"","protected":false},"author":6,"featured_media":18260,"parent":0,"menu_order":0,"comment_status":"closed","ping_status":"closed","template":"100-width.php","meta":{"footnotes":""},"class_list":["post-13902","page","type-page","status-publish","has-post-thumbnail","hentry"],"yoast_head":"<!-- This site is optimized with the Yoast SEO plugin v27.5 - https:\/\/yoast.com\/product\/yoast-seo-wordpress\/ -->\n<title>AGB \u2013 icomedias GmbH<\/title>\n<meta name=\"description\" content=\"Allgemeine Gesch\u00e4ftsbedingungen der icomedias GmbH f\u00fcr Lizenzierung und Nutzung von HybridForms sowie damit verbundene Dienstleistungen.\" \/>\n<meta name=\"robots\" content=\"index, follow, max-snippet:-1, max-image-preview:large, max-video-preview:-1\" \/>\n<link rel=\"canonical\" href=\"https:\/\/www.icomedias.com\/de\/agb\/\" \/>\n<meta property=\"og:locale\" content=\"de_DE\" \/>\n<meta property=\"og:type\" content=\"article\" \/>\n<meta property=\"og:title\" content=\"AGB \u2013 icomedias GmbH\" \/>\n<meta property=\"og:description\" content=\"Allgemeine Gesch\u00e4ftsbedingungen der icomedias GmbH f\u00fcr Lizenzierung und Nutzung von HybridForms sowie damit verbundene Dienstleistungen.\" \/>\n<meta property=\"og:url\" content=\"https:\/\/www.icomedias.com\/de\/agb\/\" \/>\n<meta property=\"og:site_name\" content=\"icomedias\" \/>\n<meta property=\"article:publisher\" content=\"https:\/\/www.facebook.com\/icomedias\/\" \/>\n<meta property=\"article:modified_time\" content=\"2026-05-04T13:37:10+00:00\" \/>\n<meta property=\"og:image\" content=\"https:\/\/www.icomedias.com\/de\/wp-content\/uploads\/sites\/2\/2026\/04\/Preview-icomedias-Home-DE-80.png\" \/>\n\t<meta property=\"og:image:width\" content=\"1200\" \/>\n\t<meta property=\"og:image:height\" content=\"630\" \/>\n\t<meta property=\"og:image:type\" content=\"image\/png\" \/>\n<meta name=\"twitter:card\" content=\"summary_large_image\" \/>\n<meta name=\"twitter:site\" content=\"@icomedias\" \/>\n<meta name=\"twitter:label1\" content=\"Gesch\u00e4tzte Lesezeit\" \/>\n\t<meta name=\"twitter:data1\" content=\"1\u00a0Minute\" \/>\n<script type=\"application\/ld+json\" class=\"yoast-schema-graph\">{\"@context\":\"https:\\\/\\\/schema.org\",\"@graph\":[{\"@type\":\"WebPage\",\"@id\":\"https:\\\/\\\/www.icomedias.com\\\/de\\\/agb\\\/\",\"url\":\"https:\\\/\\\/www.icomedias.com\\\/de\\\/agb\\\/\",\"name\":\"AGB \u2013 icomedias GmbH\",\"isPartOf\":{\"@id\":\"https:\\\/\\\/www.icomedias.com\\\/de\\\/#website\"},\"primaryImageOfPage\":{\"@id\":\"https:\\\/\\\/www.icomedias.com\\\/de\\\/agb\\\/#primaryimage\"},\"image\":{\"@id\":\"https:\\\/\\\/www.icomedias.com\\\/de\\\/agb\\\/#primaryimage\"},\"thumbnailUrl\":\"https:\\\/\\\/www.icomedias.com\\\/de\\\/wp-content\\\/uploads\\\/sites\\\/2\\\/2026\\\/04\\\/Preview-icomedias-Home-DE-80.png\",\"datePublished\":\"2017-06-01T09:03:27+00:00\",\"dateModified\":\"2026-05-04T13:37:10+00:00\",\"description\":\"Allgemeine Gesch\u00e4ftsbedingungen der icomedias GmbH f\u00fcr Lizenzierung und Nutzung von HybridForms sowie damit verbundene Dienstleistungen.\",\"breadcrumb\":{\"@id\":\"https:\\\/\\\/www.icomedias.com\\\/de\\\/agb\\\/#breadcrumb\"},\"inLanguage\":\"de\",\"potentialAction\":[{\"@type\":\"ReadAction\",\"target\":[\"https:\\\/\\\/www.icomedias.com\\\/de\\\/agb\\\/\"]}]},{\"@type\":\"ImageObject\",\"inLanguage\":\"de\",\"@id\":\"https:\\\/\\\/www.icomedias.com\\\/de\\\/agb\\\/#primaryimage\",\"url\":\"https:\\\/\\\/www.icomedias.com\\\/de\\\/wp-content\\\/uploads\\\/sites\\\/2\\\/2026\\\/04\\\/Preview-icomedias-Home-DE-80.png\",\"contentUrl\":\"https:\\\/\\\/www.icomedias.com\\\/de\\\/wp-content\\\/uploads\\\/sites\\\/2\\\/2026\\\/04\\\/Preview-icomedias-Home-DE-80.png\",\"width\":1200,\"height\":630,\"caption\":\"icomedias \u2013\u00a0The HybridForms Company\"},{\"@type\":\"BreadcrumbList\",\"@id\":\"https:\\\/\\\/www.icomedias.com\\\/de\\\/agb\\\/#breadcrumb\",\"itemListElement\":[{\"@type\":\"ListItem\",\"position\":1,\"name\":\"Home\",\"item\":\"https:\\\/\\\/www.icomedias.com\\\/de\\\/\"},{\"@type\":\"ListItem\",\"position\":2,\"name\":\"Allgemeine Gesch\u00e4ftsbedingungen (AGB)\"}]},{\"@type\":\"WebSite\",\"@id\":\"https:\\\/\\\/www.icomedias.com\\\/de\\\/#website\",\"url\":\"https:\\\/\\\/www.icomedias.com\\\/de\\\/\",\"name\":\"icomedias\",\"description\":\"icomedias | HybridForms\",\"publisher\":{\"@id\":\"https:\\\/\\\/www.icomedias.com\\\/de\\\/#organization\"},\"potentialAction\":[{\"@type\":\"SearchAction\",\"target\":{\"@type\":\"EntryPoint\",\"urlTemplate\":\"https:\\\/\\\/www.icomedias.com\\\/de\\\/?s={search_term_string}\"},\"query-input\":{\"@type\":\"PropertyValueSpecification\",\"valueRequired\":true,\"valueName\":\"search_term_string\"}}],\"inLanguage\":\"de\"},{\"@type\":\"Organization\",\"@id\":\"https:\\\/\\\/www.icomedias.com\\\/de\\\/#organization\",\"name\":\"icomedias\",\"url\":\"https:\\\/\\\/www.icomedias.com\\\/de\\\/\",\"logo\":{\"@type\":\"ImageObject\",\"inLanguage\":\"de\",\"@id\":\"https:\\\/\\\/www.icomedias.com\\\/de\\\/#\\\/schema\\\/logo\\\/image\\\/\",\"url\":\"https:\\\/\\\/www.icomedias.com\\\/de\\\/wp-content\\\/uploads\\\/sites\\\/2\\\/2016\\\/03\\\/icomedias-Logo.png\",\"contentUrl\":\"https:\\\/\\\/www.icomedias.com\\\/de\\\/wp-content\\\/uploads\\\/sites\\\/2\\\/2016\\\/03\\\/icomedias-Logo.png\",\"width\":181,\"height\":36,\"caption\":\"icomedias\"},\"image\":{\"@id\":\"https:\\\/\\\/www.icomedias.com\\\/de\\\/#\\\/schema\\\/logo\\\/image\\\/\"},\"sameAs\":[\"https:\\\/\\\/www.facebook.com\\\/icomedias\\\/\",\"https:\\\/\\\/x.com\\\/icomedias\"]}]}<\/script>\n<!-- \/ Yoast SEO plugin. -->","yoast_head_json":{"title":"AGB \u2013 icomedias GmbH","description":"Allgemeine Gesch\u00e4ftsbedingungen der icomedias GmbH f\u00fcr Lizenzierung und Nutzung von HybridForms sowie damit verbundene Dienstleistungen.","robots":{"index":"index","follow":"follow","max-snippet":"max-snippet:-1","max-image-preview":"max-image-preview:large","max-video-preview":"max-video-preview:-1"},"canonical":"https:\/\/www.icomedias.com\/de\/agb\/","og_locale":"de_DE","og_type":"article","og_title":"AGB \u2013 icomedias GmbH","og_description":"Allgemeine Gesch\u00e4ftsbedingungen der icomedias GmbH f\u00fcr Lizenzierung und Nutzung von HybridForms sowie damit verbundene Dienstleistungen.","og_url":"https:\/\/www.icomedias.com\/de\/agb\/","og_site_name":"icomedias","article_publisher":"https:\/\/www.facebook.com\/icomedias\/","article_modified_time":"2026-05-04T13:37:10+00:00","og_image":[{"width":1200,"height":630,"url":"https:\/\/www.icomedias.com\/de\/wp-content\/uploads\/sites\/2\/2026\/04\/Preview-icomedias-Home-DE-80.png","type":"image\/png"}],"twitter_card":"summary_large_image","twitter_site":"@icomedias","twitter_misc":{"Gesch\u00e4tzte Lesezeit":"1\u00a0Minute"},"schema":{"@context":"https:\/\/schema.org","@graph":[{"@type":"WebPage","@id":"https:\/\/www.icomedias.com\/de\/agb\/","url":"https:\/\/www.icomedias.com\/de\/agb\/","name":"AGB \u2013 icomedias GmbH","isPartOf":{"@id":"https:\/\/www.icomedias.com\/de\/#website"},"primaryImageOfPage":{"@id":"https:\/\/www.icomedias.com\/de\/agb\/#primaryimage"},"image":{"@id":"https:\/\/www.icomedias.com\/de\/agb\/#primaryimage"},"thumbnailUrl":"https:\/\/www.icomedias.com\/de\/wp-content\/uploads\/sites\/2\/2026\/04\/Preview-icomedias-Home-DE-80.png","datePublished":"2017-06-01T09:03:27+00:00","dateModified":"2026-05-04T13:37:10+00:00","description":"Allgemeine Gesch\u00e4ftsbedingungen der icomedias GmbH f\u00fcr Lizenzierung und Nutzung von HybridForms sowie damit verbundene Dienstleistungen.","breadcrumb":{"@id":"https:\/\/www.icomedias.com\/de\/agb\/#breadcrumb"},"inLanguage":"de","potentialAction":[{"@type":"ReadAction","target":["https:\/\/www.icomedias.com\/de\/agb\/"]}]},{"@type":"ImageObject","inLanguage":"de","@id":"https:\/\/www.icomedias.com\/de\/agb\/#primaryimage","url":"https:\/\/www.icomedias.com\/de\/wp-content\/uploads\/sites\/2\/2026\/04\/Preview-icomedias-Home-DE-80.png","contentUrl":"https:\/\/www.icomedias.com\/de\/wp-content\/uploads\/sites\/2\/2026\/04\/Preview-icomedias-Home-DE-80.png","width":1200,"height":630,"caption":"icomedias \u2013\u00a0The HybridForms Company"},{"@type":"BreadcrumbList","@id":"https:\/\/www.icomedias.com\/de\/agb\/#breadcrumb","itemListElement":[{"@type":"ListItem","position":1,"name":"Home","item":"https:\/\/www.icomedias.com\/de\/"},{"@type":"ListItem","position":2,"name":"Allgemeine Gesch\u00e4ftsbedingungen (AGB)"}]},{"@type":"WebSite","@id":"https:\/\/www.icomedias.com\/de\/#website","url":"https:\/\/www.icomedias.com\/de\/","name":"icomedias","description":"icomedias | HybridForms","publisher":{"@id":"https:\/\/www.icomedias.com\/de\/#organization"},"potentialAction":[{"@type":"SearchAction","target":{"@type":"EntryPoint","urlTemplate":"https:\/\/www.icomedias.com\/de\/?s={search_term_string}"},"query-input":{"@type":"PropertyValueSpecification","valueRequired":true,"valueName":"search_term_string"}}],"inLanguage":"de"},{"@type":"Organization","@id":"https:\/\/www.icomedias.com\/de\/#organization","name":"icomedias","url":"https:\/\/www.icomedias.com\/de\/","logo":{"@type":"ImageObject","inLanguage":"de","@id":"https:\/\/www.icomedias.com\/de\/#\/schema\/logo\/image\/","url":"https:\/\/www.icomedias.com\/de\/wp-content\/uploads\/sites\/2\/2016\/03\/icomedias-Logo.png","contentUrl":"https:\/\/www.icomedias.com\/de\/wp-content\/uploads\/sites\/2\/2016\/03\/icomedias-Logo.png","width":181,"height":36,"caption":"icomedias"},"image":{"@id":"https:\/\/www.icomedias.com\/de\/#\/schema\/logo\/image\/"},"sameAs":["https:\/\/www.facebook.com\/icomedias\/","https:\/\/x.com\/icomedias"]}]}},"_links":{"self":[{"href":"https:\/\/www.icomedias.com\/de\/wp-json\/wp\/v2\/pages\/13902","targetHints":{"allow":["GET"]}}],"collection":[{"href":"https:\/\/www.icomedias.com\/de\/wp-json\/wp\/v2\/pages"}],"about":[{"href":"https:\/\/www.icomedias.com\/de\/wp-json\/wp\/v2\/types\/page"}],"author":[{"embeddable":true,"href":"https:\/\/www.icomedias.com\/de\/wp-json\/wp\/v2\/users\/6"}],"replies":[{"embeddable":true,"href":"https:\/\/www.icomedias.com\/de\/wp-json\/wp\/v2\/comments?post=13902"}],"version-history":[{"count":40,"href":"https:\/\/www.icomedias.com\/de\/wp-json\/wp\/v2\/pages\/13902\/revisions"}],"predecessor-version":[{"id":18410,"href":"https:\/\/www.icomedias.com\/de\/wp-json\/wp\/v2\/pages\/13902\/revisions\/18410"}],"wp:featuredmedia":[{"embeddable":true,"href":"https:\/\/www.icomedias.com\/de\/wp-json\/wp\/v2\/media\/18260"}],"wp:attachment":[{"href":"https:\/\/www.icomedias.com\/de\/wp-json\/wp\/v2\/media?parent=13902"}],"curies":[{"name":"wp","href":"https:\/\/api.w.org\/{rel}","templated":true}]}}